{"id":265,"date":"2024-04-18T05:38:39","date_gmt":"2024-04-18T05:38:39","guid":{"rendered":"https:\/\/ceatt.com.br\/educacao\/?page_id=265"},"modified":"2024-04-18T16:45:54","modified_gmt":"2024-04-18T16:45:54","slug":"projetos-editoriais-para-a-educacao-de-transito","status":"publish","type":"page","link":"https:\/\/ceatt.com.br\/educacao\/projetos-editoriais-para-a-educacao-de-transito\/","title":{"rendered":"PROJETOS EDITORIAIS PARA A EDUCA\u00c7\u00c3O DE TR\u00c2NSITO"},"content":{"rendered":"\n<h2 class=\"wp-block-heading\"><strong>PROJETOS EDITORIAIS PARA A EDUCA\u00c7\u00c3O DE TR\u00c2NSITO<\/strong><\/h2>\n\n\n\n<figure class=\"wp-block-image size-full\"><img loading=\"lazy\" decoding=\"async\" width=\"792\" height=\"212\" src=\"https:\/\/ceatt.com.br\/educacao\/wp-content\/uploads\/2024\/04\/BANNERS_figurinhas.jpg\" alt=\"\" class=\"wp-image-266\" srcset=\"https:\/\/ceatt.com.br\/educacao\/wp-content\/uploads\/2024\/04\/BANNERS_figurinhas.jpg 792w, https:\/\/ceatt.com.br\/educacao\/wp-content\/uploads\/2024\/04\/BANNERS_figurinhas-300x80.jpg 300w, https:\/\/ceatt.com.br\/educacao\/wp-content\/uploads\/2024\/04\/BANNERS_figurinhas-768x206.jpg 768w\" sizes=\"auto, (max-width: 792px) 100vw, 792px\" \/><\/figure>\n\n\n\n<p><\/p>\n\n\n\n<p><strong>\u00c1lbum de figurinhas adesivas Educa\u00e7\u00e3o Infantil (pr\u00e9-escola)<\/strong><\/p>\n\n\n\n<p>Contendo 14 figurinhas autoadesivas \u00e9 distribu\u00eddo nas escolas de educa\u00e7\u00e3o infantil ou em atividades promocionais espec\u00edficas.<\/p>\n\n\n\n<p><strong>\u00c1lbum de figurinhas adesivas Tr\u00e2nsito Seguro. Ensino Fundamental 1<\/strong><\/p>\n\n\n\n<p>Contendo 36 figurinhas autoadesivas \u00e9 distribu\u00eddo nas escolas de ensino fundamental 1 ou em atividades promocionais espec\u00edficas.<\/p>\n\n\n\n<p><strong>\u00c1lbum de figurinhas adesivas Tr\u00e2nsito Seguro. Ensino Fundamental 2<\/strong><\/p>\n\n\n\n<p>Contendo 60 figurinhas autoadesivas \u00e9 distribu\u00eddo nas escolas de ensino fundamental 2 ou em atividades promocionais espec\u00edficas.<\/p>\n\n\n\n<p><strong>Cartilha da Cidadania e Educa\u00e7\u00e3o de Tr\u00e2nsito \u2013 Tr\u00e2nsito Seguro<\/strong><\/p>\n\n\n\n<p>Uma cartilha com viv\u00eancias cotidianas de tr\u00e2nsito seguro. Em linguagem acess\u00edvel e ricamente ilustrada com interatividade e personalizada para o contratante.<\/p>\n\n\n\n<p><strong>Multinha do bem. Nossa cidade melhora com a educa\u00e7\u00e3o de tr\u00e2nsito<\/strong><\/p>\n\n\n\n<p>Multas educativas destac\u00e1veis. A crian\u00e7a pode brincar e ao mesmo tempo educar o adulto para a pr\u00e1tica do tr\u00e2nsito seguro. \u00c9 personalizado para o contratante.<\/p>\n\n\n\n<p><strong>C\u00f3digo de Tr\u00e2nsito Brasileiro anotado e comentado.<\/strong><\/p>\n\n\n\n<p>Edi\u00e7\u00e3o comentada e anotada 2024. O mais completo e atualizado do mercado.<\/p>\n\n\n\n<p><strong>Cole\u00e7\u00e3o Siga em Frente<\/strong><\/p>\n\n\n\n<p>Educa\u00e7\u00e3o Infantil, S\u00e9ries Iniciais e Finais do Ensino Fundamental.<\/p>\n\n\n\n<p>Livros paradid\u00e1ticos para a educa\u00e7\u00e3o de tr\u00e2nsito com manual do professor.<\/p>\n\n\n\n<p><strong>NAVEGUE<\/strong><\/p>\n\n\n<nav class=\"has-text-color has-white-color has-background has-vivid-cyan-blue-background-color is-responsive wp-block-navigation is-layout-flex wp-block-navigation-is-layout-flex\" aria-label=\"main\" \n\t\t data-wp-interactive=\"core\/navigation\" data-wp-context='{\"overlayOpenedBy\":{\"click\":false,\"hover\":false,\"focus\":false},\"type\":\"overlay\",\"roleAttribute\":\"\",\"ariaLabel\":\"Menu\"}'><button aria-haspopup=\"dialog\" aria-label=\"Abrir menu\" class=\"wp-block-navigation__responsive-container-open\" \n\t\t\t\tdata-wp-on--click=\"actions.openMenuOnClick\"\n\t\t\t\tdata-wp-on--keydown=\"actions.handleMenuKeydown\"\n\t\t\t><svg width=\"24\" height=\"24\" xmlns=\"http:\/\/www.w3.org\/2000\/svg\" viewBox=\"0 0 24 24\" aria-hidden=\"true\" focusable=\"false\"><path d=\"M4 7.5h16v1.5H4z\"><\/path><path d=\"M4 15h16v1.5H4z\"><\/path><\/svg><\/button>\n\t\t\t\t<div class=\"wp-block-navigation__responsive-container  has-text-color has-white-color has-background has-vivid-red-background-color\"  id=\"modal-1\" \n\t\t\t\tdata-wp-class--has-modal-open=\"state.isMenuOpen\"\n\t\t\t\tdata-wp-class--is-menu-open=\"state.isMenuOpen\"\n\t\t\t\tdata-wp-watch=\"callbacks.initMenu\"\n\t\t\t\tdata-wp-on--keydown=\"actions.handleMenuKeydown\"\n\t\t\t\tdata-wp-on--focusout=\"actions.handleMenuFocusout\"\n\t\t\t\ttabindex=\"-1\"\n\t\t\t>\n\t\t\t\t\t<div class=\"wp-block-navigation__responsive-close\" tabindex=\"-1\">\n\t\t\t\t\t\t<div class=\"wp-block-navigation__responsive-dialog\" \n\t\t\t\tdata-wp-bind--aria-modal=\"state.ariaModal\"\n\t\t\t\tdata-wp-bind--aria-label=\"state.ariaLabel\"\n\t\t\t\tdata-wp-bind--role=\"state.roleAttribute\"\n\t\t\t>\n\t\t\t\t\t\t\t<button aria-label=\"Fechar menu\" class=\"wp-block-navigation__responsive-container-close\" \n\t\t\t\tdata-wp-on--click=\"actions.closeMenuOnClick\"\n\t\t\t><svg xmlns=\"http:\/\/www.w3.org\/2000\/svg\" viewBox=\"0 0 24 24\" width=\"24\" height=\"24\" aria-hidden=\"true\" focusable=\"false\"><path d=\"m13.06 12 6.47-6.47-1.06-1.06L12 10.94 5.53 4.47 4.47 5.53 10.94 12l-6.47 6.47 1.06 1.06L12 13.06l6.47 6.47 1.06-1.06L13.06 12Z\"><\/path><\/svg><\/button>\n\t\t\t\t\t\t\t<div class=\"wp-block-navigation__responsive-container-content\" \n\t\t\t\tdata-wp-watch=\"callbacks.focusFirstElement\"\n\t\t\t id=\"modal-1-content\">\n\t\t\t\t\t\t\t\t<ul class=\"wp-block-navigation__container has-text-color has-white-color has-background has-vivid-cyan-blue-background-color is-responsive wp-block-navigation\"><li class=\" wp-block-navigation-item wp-block-navigation-link\"><a class=\"wp-block-navigation-item__content\"  href=\"https:\/\/ceatt.com.br\/educacao\/o-ceat\/\"><span class=\"wp-block-navigation-item__label\">O CEAT<\/span><\/a><\/li><li data-wp-context=\"{ &quot;submenuOpenedBy&quot;: { &quot;click&quot;: false, &quot;hover&quot;: false, &quot;focus&quot;: false }, &quot;type&quot;: &quot;submenu&quot;, &quot;modal&quot;: null, &quot;previousFocus&quot;: null }\" data-wp-interactive=\"core\/navigation\" data-wp-on--focusout=\"actions.handleMenuFocusout\" data-wp-on--keydown=\"actions.handleMenuKeydown\" data-wp-on--mouseenter=\"actions.openMenuOnHover\" data-wp-on--mouseleave=\"actions.closeMenuOnHover\" data-wp-watch=\"callbacks.initMenu\" tabindex=\"-1\" class=\"wp-block-navigation-item has-child open-on-hover-click wp-block-navigation-submenu\"><a class=\"wp-block-navigation-item__content\" href=\"http:\/\/.\"><span class=\"wp-block-navigation-item__label\">PRODUTOS<\/span><\/a><button data-wp-bind--aria-expanded=\"state.isMenuOpen\" data-wp-on--click=\"actions.toggleMenuOnClick\" aria-label=\"PRODUTOS submenu\" class=\"wp-block-navigation__submenu-icon wp-block-navigation-submenu__toggle\" ><svg xmlns=\"http:\/\/www.w3.org\/2000\/svg\" width=\"12\" height=\"12\" viewBox=\"0 0 12 12\" fill=\"none\" aria-hidden=\"true\" focusable=\"false\"><path d=\"M1.50002 4L6.00002 8L10.5 4\" stroke-width=\"1.5\"><\/path><\/svg><\/button><ul data-wp-on--focus=\"actions.openMenuOnFocus\" class=\"wp-block-navigation__submenu-container has-text-color has-white-color has-background has-vivid-red-background-color wp-block-navigation-submenu\"><li class=\" wp-block-navigation-item wp-block-navigation-link\"><a class=\"wp-block-navigation-item__content\"  href=\"https:\/\/ceatt.com.br\/educacao\/formacao-e-capacitacao\/\"><span class=\"wp-block-navigation-item__label\">FORMA\u00c7\u00c3O E CAPACITA\u00c7\u00c3O<\/span><\/a><\/li><li class=\" wp-block-navigation-item wp-block-navigation-link\"><a class=\"wp-block-navigation-item__content\"  href=\"https:\/\/ceatt.com.br\/educacao\/projetos-educativos-para-o-transito\/\"><span class=\"wp-block-navigation-item__label\">PROJETOS EDUCATIVOS PARA O TR\u00c2NSITO<\/span><\/a><\/li><li class=\" wp-block-navigation-item wp-block-navigation-link\"><a class=\"wp-block-navigation-item__content\"  href=\"https:\/\/ceatt.com.br\/educacao\/projetos-editoriais-para-a-educacao-de-transito\/\"><span class=\"wp-block-navigation-item__label\">PROJETOS EDITORIAIS PARA A EDUCA\u00c7\u00c3O DE TR\u00c2NSITO<\/span><\/a><\/li><\/ul><\/li><li class=\" wp-block-navigation-item wp-block-navigation-link\"><a class=\"wp-block-navigation-item__content\"  href=\"https:\/\/ceatt.com.br\/educacao\/clientes\/\"><span class=\"wp-block-navigation-item__label\">CLIENTES<\/span><\/a><\/li><li class=\" wp-block-navigation-item wp-block-navigation-link\"><a class=\"wp-block-navigation-item__content\"  href=\"http:\/\/eceat.com.br\/\"><span class=\"wp-block-navigation-item__label\">EDITORA<\/span><\/a><\/li><li class=\" wp-block-navigation-item wp-block-navigation-link\"><a class=\"wp-block-navigation-item__content\"  href=\"https:\/\/ceatt.com.br\/educacao\/contato\/\"><span class=\"wp-block-navigation-item__label\">CONTATO<\/span><\/a><\/li><\/ul>\n\t\t\t\t\t\t\t<\/div>\n\t\t\t\t\t\t<\/div>\n\t\t\t\t\t<\/div>\n\t\t\t\t<\/div><\/nav>","protected":false},"excerpt":{"rendered":"<p>PROJETOS EDITORIAIS PARA A EDUCA\u00c7\u00c3O DE TR\u00c2NSITO \u00c1lbum de figurinhas adesivas Educa\u00e7\u00e3o Infantil (pr\u00e9-escola) Contendo 14 figurinhas autoadesivas \u00e9 distribu\u00eddo nas escolas de educa\u00e7\u00e3o infantil ou em atividades promocionais espec\u00edficas. \u00c1lbum de figurinhas adesivas Tr\u00e2nsito Seguro. Ensino Fundamental 1 Contendo 36 figurinhas autoadesivas \u00e9 distribu\u00eddo nas escolas de ensino fundamental 1 ou em atividades promocionais [&hellip;]<\/p>\n","protected":false},"author":1,"featured_media":0,"parent":0,"menu_order":0,"comment_status":"closed","ping_status":"closed","template":"","meta":{"footnotes":""},"class_list":["post-265","page","type-page","status-publish","hentry"],"_links":{"self":[{"href":"https:\/\/ceatt.com.br\/educacao\/wp-json\/wp\/v2\/pages\/265","targetHints":{"allow":["GET"]}}],"collection":[{"href":"https:\/\/ceatt.com.br\/educacao\/wp-json\/wp\/v2\/pages"}],"about":[{"href":"https:\/\/ceatt.com.br\/educacao\/wp-json\/wp\/v2\/types\/page"}],"author":[{"embeddable":true,"href":"https:\/\/ceatt.com.br\/educacao\/wp-json\/wp\/v2\/users\/1"}],"replies":[{"embeddable":true,"href":"https:\/\/ceatt.com.br\/educacao\/wp-json\/wp\/v2\/comments?post=265"}],"version-history":[{"count":9,"href":"https:\/\/ceatt.com.br\/educacao\/wp-json\/wp\/v2\/pages\/265\/revisions"}],"predecessor-version":[{"id":361,"href":"https:\/\/ceatt.com.br\/educacao\/wp-json\/wp\/v2\/pages\/265\/revisions\/361"}],"wp:attachment":[{"href":"https:\/\/ceatt.com.br\/educacao\/wp-json\/wp\/v2\/media?parent=265"}],"curies":[{"name":"wp","href":"https:\/\/api.w.org\/{rel}","templated":true}]}}